{"id":22,"date":"2026-04-24T16:30:40","date_gmt":"2026-04-24T14:30:40","guid":{"rendered":"http:\/\/www.mdeharde.de\/wordpress2\/wordpress\/?page_id=22"},"modified":"2026-04-25T18:54:48","modified_gmt":"2026-04-25T16:54:48","slug":"landingpage","status":"publish","type":"page","link":"http:\/\/www.mdeharde.de\/wordpress2\/wordpress\/","title":{"rendered":"Die Auto Seite!"},"content":{"rendered":"\n<p>Hallo und Herzkich Wilkommen auf meiner neuen Landingpage!<\/p>\n\n\n\n<p>Auf dieser Seite haben sie mehrere M\u00f6glichkeiten um irgendwas zu machen z.b.Einen Link Anklicken oder diese <strong>Landinpage kaufen<\/strong>.und und und.Es gibt viele m\u00f6glichkeiten die sie mit dieser Landingpage haben&#8230;<\/p>\n\n\n\n<p>Diese Landingpage k\u00f6nnen sie f\u00fcr einen Preis von nur 250,-\u20acuro Kaufen.<\/p>\n\n\n\n<p>Falls Sie ein neues Auto Kaufen m\u00f6chten klicken sie Bitte aufs folgende Bild.<\/p>\n\n\n\n<figure class=\"wp-block-image size-large\"><a href=\"http:\/\/www.Auto-Scout24.de\"><img loading=\"lazy\" decoding=\"async\" width=\"1024\" height=\"576\" src=\"http:\/\/www.mdeharde.de\/wordpress2\/wordpress\/wp-content\/uploads\/2026\/04\/Neues-Auto-1024x576.jpg\" alt=\"\" class=\"wp-image-31\" srcset=\"http:\/\/www.mdeharde.de\/wordpress2\/wordpress\/wp-content\/uploads\/2026\/04\/Neues-Auto-1024x576.jpg 1024w, http:\/\/www.mdeharde.de\/wordpress2\/wordpress\/wp-content\/uploads\/2026\/04\/Neues-Auto-300x169.jpg 300w, http:\/\/www.mdeharde.de\/wordpress2\/wordpress\/wp-content\/uploads\/2026\/04\/Neues-Auto-768x432.jpg 768w, http:\/\/www.mdeharde.de\/wordpress2\/wordpress\/wp-content\/uploads\/2026\/04\/Neues-Auto.avif 1280w\" sizes=\"auto, (max-width: 1024px) 100vw, 1024px\" \/><\/a><\/figure>\n\n\n\n<p>Sie k\u00f6nnen nat\u00fcrlich auch Gerne ihre Meinung sagen einfach unten ins Feld schreiben.Danke!<\/p>\n\n\n\n<p><\/p>\n","protected":false},"excerpt":{"rendered":"<p>Hallo und Herzkich Wilkommen auf meiner neuen Landingpage! Auf dieser Seite haben sie mehrere M\u00f6glichkeiten um irgendwas zu machen z.b.Einen Link Anklicken oder diese Landinpage kaufen.und und und.Es gibt viele m\u00f6glichkeiten die sie mit dieser Landingpage haben&#8230; Diese Landingpage k\u00f6nnen sie f\u00fcr einen Preis von nur 250,-\u20acuro Kaufen. Falls Sie ein neues Auto Kaufen m\u00f6chten [&hellip;]<\/p>\n","protected":false},"author":1,"featured_media":0,"parent":0,"menu_order":0,"comment_status":"open","ping_status":"closed","template":"","meta":{"footnotes":""},"class_list":["post-22","page","type-page","status-publish","hentry"],"_links":{"self":[{"href":"http:\/\/www.mdeharde.de\/wordpress2\/wordpress\/index.php?rest_route=\/wp\/v2\/pages\/22","targetHints":{"allow":["GET"]}}],"collection":[{"href":"http:\/\/www.mdeharde.de\/wordpress2\/wordpress\/index.php?rest_route=\/wp\/v2\/pages"}],"about":[{"href":"http:\/\/www.mdeharde.de\/wordpress2\/wordpress\/index.php?rest_route=\/wp\/v2\/types\/page"}],"author":[{"embeddable":true,"href":"http:\/\/www.mdeharde.de\/wordpress2\/wordpress\/index.php?rest_route=\/wp\/v2\/users\/1"}],"replies":[{"embeddable":true,"href":"http:\/\/www.mdeharde.de\/wordpress2\/wordpress\/index.php?rest_route=%2Fwp%2Fv2%2Fcomments&post=22"}],"version-history":[{"count":8,"href":"http:\/\/www.mdeharde.de\/wordpress2\/wordpress\/index.php?rest_route=\/wp\/v2\/pages\/22\/revisions"}],"predecessor-version":[{"id":36,"href":"http:\/\/www.mdeharde.de\/wordpress2\/wordpress\/index.php?rest_route=\/wp\/v2\/pages\/22\/revisions\/36"}],"wp:attachment":[{"href":"http:\/\/www.mdeharde.de\/wordpress2\/wordpress\/index.php?rest_route=%2Fwp%2Fv2%2Fmedia&parent=22"}],"curies":[{"name":"wp","href":"https:\/\/api.w.org\/{rel}","templated":true}]}}